{"id":33742,"date":"2025-07-06T07:36:05","date_gmt":"2025-07-06T05:36:05","guid":{"rendered":"https:\/\/75inq.com\/?page_id=33742"},"modified":"2025-08-01T11:46:05","modified_gmt":"2025-08-01T09:46:05","slug":"toolkit-recht-op-energie","status":"publish","type":"page","link":"https:\/\/75inq.com\/nl\/diensten\/bibliotheek-gender-energie\/toolkit-recht-op-energie\/","title":{"rendered":"Toolkit recht op energie"},"content":{"rendered":"\n<div class=\"wp-block-social-warfare-social-warfare\"><div class=\"swp_social_panel swp_horizontal_panel swp_pill  swp_default_color_outlines swp_other_color_outlines swp_individual_full_color scale-70 scale-center\" data-min-width=\"1100\" data-float-color=\"#ffffff\" data-float=\"none\" data-float-mobile=\"none\" data-transition=\"slide\" data-post-id=\"33742\" ><div class=\"nc_tweetContainer swp_share_button swp_twitter\" data-network=\"twitter\"><a class=\"nc_tweet swp_share_link\" rel=\"nofollow noreferrer noopener\" target=\"_blank\" href=\"https:\/\/twitter.com\/intent\/tweet?text=Toolkit+recht+op+energie&url=https%3A%2F%2F75inq.com%2Fnl%2Fdiensten%2Fbibliotheek-gender-energie%2Ftoolkit-recht-op-energie%2F&via=75inQ\" data-link=\"https:\/\/twitter.com\/intent\/tweet?text=Toolkit+recht+op+energie&url=https%3A%2F%2F75inq.com%2Fnl%2Fdiensten%2Fbibliotheek-gender-energie%2Ftoolkit-recht-op-energie%2F&via=75inQ\"><span class=\"swp_count swp_hide\"><span class=\"iconFiller\"><span class=\"spaceManWilly\"><i class=\"sw swp_twitter_icon\"><\/i><span class=\"swp_share\">Tweet<\/span><\/span><\/span><\/span><\/a><\/div><div class=\"nc_tweetContainer swp_share_button swp_linkedin\" data-network=\"linkedin\"><a class=\"nc_tweet swp_share_link\" rel=\"nofollow noreferrer noopener\" target=\"_blank\" href=\"https:\/\/www.linkedin.com\/cws\/share?url=https%3A%2F%2F75inq.com%2Fnl%2Fdiensten%2Fbibliotheek-gender-energie%2Ftoolkit-recht-op-energie%2F\" data-link=\"https:\/\/www.linkedin.com\/cws\/share?url=https%3A%2F%2F75inq.com%2Fnl%2Fdiensten%2Fbibliotheek-gender-energie%2Ftoolkit-recht-op-energie%2F\"><span class=\"swp_count swp_hide\"><span class=\"iconFiller\"><span class=\"spaceManWilly\"><i class=\"sw swp_linkedin_icon\"><\/i><span class=\"swp_share\">Share<\/span><\/span><\/span><\/span><\/a><\/div><div class=\"nc_tweetContainer swp_share_button swp_facebook\" data-network=\"facebook\"><a class=\"nc_tweet swp_share_link\" rel=\"nofollow noreferrer noopener\" target=\"_blank\" href=\"https:\/\/www.facebook.com\/share.php?u=https%3A%2F%2F75inq.com%2Fnl%2Fdiensten%2Fbibliotheek-gender-energie%2Ftoolkit-recht-op-energie%2F\" data-link=\"https:\/\/www.facebook.com\/share.php?u=https%3A%2F%2F75inq.com%2Fnl%2Fdiensten%2Fbibliotheek-gender-energie%2Ftoolkit-recht-op-energie%2F\"><span class=\"swp_count swp_hide\"><span class=\"iconFiller\"><span class=\"spaceManWilly\"><i class=\"sw swp_facebook_icon\"><\/i><span class=\"swp_share\">Share<\/span><\/span><\/span><\/span><\/a><\/div><\/div><\/div>\n\n\n\n<div class=\"wp-block-columns alignwide has-alt-background-color has-background is-layout-flex wp-container-core-columns-is-layout-9d6595d7 wp-block-columns-is-layout-flex\">\n<div class=\"wp-block-column is-vertically-aligned-bottom is-layout-flow wp-block-column-is-layout-flow\">\n<div class=\"wp-block-group\"><div class=\"wp-block-group__inner-container is-layout-flow wp-block-group-is-layout-flow\">\n<div class=\"wp-block-group\"><div class=\"wp-block-group__inner-container is-layout-flow wp-block-group-is-layout-flow\">\n<h4 class=\"wp-block-heading is-style-subheading\" id=\"klimaatverandering-gender\">Verder bouwen aan het recht op energie in de EU<\/h4>\n\n\n\n<p class=\"is-style-subheading has-primary-color has-text-color\">toolkit &#8211; Nederlands<\/p>\n\n\n\n<div style=\"height:50px\" aria-hidden=\"true\" class=\"wp-block-spacer\"><\/div>\n\n\n\n<p><strong>Redacteuren:<\/strong> <a href=\"https:\/\/www.linkedin.com\/in\/marlieshesselman\/\">Marlies Hesselman<\/a>, <a href=\"https:\/\/www.linkedin.com\/in\/sergio-tirado-herrero-189a814\/\">Sergio Tirado-Herrero<\/a>, <a href=\"https:\/\/www.linkedin.com\/in\/marilyn-smith-89b27a4\/\">Marilyn Smith<\/a>, <a href=\"https:\/\/www.linkedin.com\/in\/marinecornelis\/\">Marine Cornelis <\/a><\/p>\n\n\n\n<p><strong>Mede Auteurs:<\/strong> \u00cd\u00f1igo Antepara, <a href=\"https:\/\/www.linkedin.com\/in\/anna-bajomi\/\">Anna Bajomi<\/a>, <a href=\"https:\/\/www.linkedin.com\/in\/roberto-barrella-80570b12a\/\">Roberto Barrella<\/a>, <a href=\"https:\/\/www.linkedin.com\/in\/umbertocao\/\">Umberto Cao<\/a>, Souran Chatterjee, Teresa Cuerdo, <a href=\"https:\/\/www.linkedin.com\/in\/audrey-dobbins\/\">Audrey Dobbins<\/a>, Giovanni Frigo, Sara Fuller, <a href=\"https:\/\/www.linkedin.com\/in\/mariellefeenstra\/\">Mari\u00eblle Feenstra<\/a>, <a href=\"https:\/\/www.linkedin.com\/in\/joaopedroluzgouveia\/\">Jo\u00e3o Pedro Gouveia<\/a>, <a href=\"https:\/\/www.linkedin.com\/in\/rachel-guyet-03132b60\/\">Rachel Guyet<\/a>, <a href=\"https:\/\/www.linkedin.com\/in\/vivienkizilcec\/\">Vivien Kizilcec<\/a>, <a href=\"https:\/\/www.linkedin.com\/in\/breffn%C3%AD-lennon-78420720\/\">Breffni Lennon<\/a>, <a href=\"https:\/\/www.linkedin.com\/in\/irene-gonzalez-pijuan\/\">Irene Gonz\u00e1lez Piju\u00e1n<\/a>, <a href=\"https:\/\/www.linkedin.com\/in\/srobic\/\">Slavica Robi\u0107<\/a>, <a href=\"https:\/\/www.linkedin.com\/in\/caitlin-robinson-04119571\/\">Caitlin Robinson<\/a>, <a href=\"https:\/\/www.linkedin.com\/in\/nevena-smilevska-73ba465\/\">Nevena Smilevska<\/a>, <a href=\"https:\/\/www.linkedin.com\/in\/anaisvaro\/\">Ana\u00efs Varo<\/a>, Hyerim Yoon, <a href=\"https:\/\/www.linkedin.com\/in\/lidija-zivcic-b5a17b1\/\">Lidija \u017div\u010di\u010d<\/a><\/p>\n\n\n\n<p><strong>Vertaling<\/strong>: <a href=\"https:\/\/www.linkedin.com\/in\/willemijn-bloem-8008831b9\/\">Willemijn Bloem<\/a>,&nbsp; Berta Bunjaku,&nbsp; <a href=\"https:\/\/www.linkedin.com\/in\/mariellefeenstra\/\">Mari\u00eblle Feenstra<\/a>, Mirthe van Voorst<\/p>\n\n\n\n\n\n<p>2025<\/p>\n\n\n\n<div class=\"wp-block-columns is-layout-flex wp-container-core-columns-is-layout-9d6595d7 wp-block-columns-is-layout-flex\">\n<div class=\"wp-block-column is-layout-flow wp-block-column-is-layout-flow\">\n<div style=\"height:100px\" aria-hidden=\"true\" class=\"wp-block-spacer\"><\/div>\n<\/div>\n<\/div>\n\n\n\n<ul class=\"wp-block-social-links aligncenter is-layout-flex wp-block-social-links-is-layout-flex\"><li class=\"wp-social-link wp-social-link-mail  wp-block-social-link\"><a href=\"mailto:%20info@75inQ.com\" class=\"wp-block-social-link-anchor\"><svg width=\"24\" height=\"24\" viewBox=\"0 0 24 24\" version=\"1.1\" xmlns=\"http:\/\/www.w3.org\/2000\/svg\" aria-hidden=\"true\" focusable=\"false\"><path d=\"M19,5H5c-1.1,0-2,.9-2,2v10c0,1.1.9,2,2,2h14c1.1,0,2-.9,2-2V7c0-1.1-.9-2-2-2zm.5,12c0,.3-.2.5-.5.5H5c-.3,0-.5-.2-.5-.5V9.8l7.5,5.6,7.5-5.6V17zm0-9.1L12,13.6,4.5,7.9V7c0-.3.2-.5.5-.5h14c.3,0,.5.2.5.5v.9z\"><\/path><\/svg><span class=\"wp-block-social-link-label screen-reader-text\">E-mail<\/span><\/a><\/li><\/ul>\n\n\n\n<p class=\"is-style-default has-xs-font-size\"><strong>Citaat<\/strong><\/p>\n\n\n\n<p class=\"is-style-default has-xs-font-size\">Toolkit recht op energie, ENGAGER (2025)<\/p>\n<\/div><\/div>\n<\/div><\/div>\n<\/div>\n\n\n\n<div class=\"wp-block-column is-vertically-aligned-bottom is-layout-flow wp-block-column-is-layout-flow\">\n<figure class=\"wp-block-image size-full\"><img decoding=\"async\" width=\"1242\" height=\"1755\" data-src=\"https:\/\/75inq.com\/wp-content\/uploads\/2025\/07\/Cover-ENGAGER_Right-to-Energy-Toolkit_NL-Final.docx-1_page-0001.jpg\" alt=\"\" class=\"wp-image-33745 lazyload\" data-srcset=\"https:\/\/75inq.com\/wp-content\/uploads\/2025\/07\/Cover-ENGAGER_Right-to-Energy-Toolkit_NL-Final.docx-1_page-0001-768x1085.jpg 768w, https:\/\/75inq.com\/wp-content\/uploads\/2025\/07\/Cover-ENGAGER_Right-to-Energy-Toolkit_NL-Final.docx-1_page-0001.jpg 1242w\" data-sizes=\"(max-width: 1242px) 100vw, 1242px\" src=\"data:image\/svg+xml;base64,PHN2ZyB3aWR0aD0iMSIgaGVpZ2h0PSIxIiB4bWxucz0iaHR0cDovL3d3dy53My5vcmcvMjAwMC9zdmciPjwvc3ZnPg==\" style=\"--smush-placeholder-width: 1242px; --smush-placeholder-aspect-ratio: 1242\/1755;\" \/><\/figure>\n\n\n\n<div class=\"wp-block-buttons is-content-justification-center is-layout-flex wp-container-core-buttons-is-layout-16018d1d wp-block-buttons-is-layout-flex\">\n<div class=\"wp-block-button\"><a class=\"wp-block-button__link button wp-element-button\" href=\"https:\/\/75inq.com\/wp-content\/uploads\/2025\/07\/ENGAGER_Right-to-Energy-Toolkit_NL-Final.docx.pdf\">Download PDF (Nederlands)<\/a><\/div>\n\n\n\n<div class=\"wp-block-button\"><a class=\"wp-block-button__link button wp-element-button\" href=\"https:\/\/75inq.com\/wp-content\/uploads\/2025\/07\/ENGAGER_Right-to-Energy-Toolkit-Turkish.pdf\">Download PDF (Turks)<\/a><\/div>\n<\/div>\n<\/div>\n<\/div>\n\n\n\n<div style=\"height:50px\" aria-hidden=\"true\" class=\"wp-block-spacer\"><\/div>\n\n\n\n<h2 class=\"wp-block-heading alignfull has-text-align-center has-white-color has-secondary-background-color has-text-color has-background has-link-color wp-elements-17294a7e4d028265fb823c397f245083\">Toolkit<\/h2>\n\n\n\n<p>Deze toolkit over het recht op energie is gemaakt door het <strong><a href=\"https:\/\/www.engager-energy.net\/\">ENGAGER<\/a><\/strong> netwerk en met het <a href=\"https:\/\/75inq.com\/nl\/wise\/\"><strong>WISE (Women in Solidatity for Energy)<\/strong> <\/a>vertaald in verschillende Europese en migranten talen.&nbsp;<\/p>\n\n\n\n<h2 class=\"wp-block-heading alignfull has-text-align-center has-white-color has-secondary-background-color has-text-color has-background has-link-color wp-elements-ee46b57de9e670611b6cab7ef3888e5c\">Samenvatting<\/h2>\n\n\n\n<p>Wereldwijd hebben miljoenen mensen geen toegang tot betrouwbare en betaalbare energie. Ook binnen Europa worstelen tientallen miljoenen huishoudens met energiearmoede \u2013 ze kunnen hun woning niet goed verwarmen of koelen en kampen met hoge energierekeningen. Ondanks het cruciale belang van energie voor gezondheid, welzijn en participatie in de samenleving, wordt energie nog niet erkend als fundamenteel mensenrecht zoals water of onderwijs dat wel zijn.<\/p>\n\n\n\n<p>Het document pleit voor het erkennen van een recht op energie, waarbij ieder individu toegang moet hebben tot basis-energiediensten, zoals verlichting, verwarming, koken en toegang tot elektronische apparaten. Betaalbaarheid, toegang en energiedemocratie \u2013 het recht om mee te beslissen over energiebeleid \u2013 zijn de drie pijlers van dit recht. Een mensenrechtenbenadering vereist dat overheden en andere betrokken partijen deze rechten actief beschermen en realiseren.<\/p>\n\n\n\n<p>In het kader van de Europese Green Deal en de EU-richtlijnen wordt er gewerkt aan beleidsmaatregelen tegen energiearmoede, maar de implementatie is nog ongelijk en onvoldoende. Er moet meer aandacht zijn voor kwetsbare groepen, zoals mensen met lage inkomens of gezondheidsproblemen, maar ook voor structurele discriminatie, bijvoorbeeld tegen Roma-gemeenschappen. Bovendien is het essentieel dat afsluitingen wegens betalingsproblemen verboden worden, omdat ze de situatie van kwetsbare huishoudens juist verergeren.<\/p>\n\n\n\n<p>Een op rechten gebaseerde aanpak benadrukt het belang van minimumnormen voor energievoorziening, toegesneden op de lokale context. Initiatieven in Spanje en het Mondiale Zuiden laten zien hoe beleid kan worden afgestemd op daadwerkelijke behoeften. Transparantie, toegang tot informatie, juridische bescherming en publieke participatie zijn noodzakelijk om energiedemocratie te bevorderen en mensen in staat te stellen hun rechten op te eisen.<\/p>\n\n\n\n<p>Het recht op energie moet dus meer zijn dan een idee: het moet vertaald worden naar wetgeving, beleid en concrete actie, met als doel een eerlijke, inclusieve energietransitie waarin niemand wordt buitengesloten.<\/p>\n\n\n\n<div class=\"wp-block-columns is-layout-flex wp-container-core-columns-is-layout-9d6595d7 wp-block-columns-is-layout-flex\">\n<div class=\"wp-block-column is-layout-flow wp-block-column-is-layout-flow\">\n<figure class=\"wp-block-image size-full is-resized\"><a href=\"https:\/\/75inq.com\/nl\/wise\/\" target=\"_blank\" rel=\" noreferrer noopener\"><img decoding=\"async\" width=\"720\" height=\"428\" data-src=\"https:\/\/75inq.com\/wp-content\/uploads\/2025\/07\/WISE.png\" alt=\"\" class=\"wp-image-33750 lazyload\" style=\"--smush-placeholder-width: 720px; --smush-placeholder-aspect-ratio: 720\/428;width:213px;height:auto\" data-srcset=\"https:\/\/75inq.com\/wp-content\/uploads\/2025\/07\/WISE-300x178.png 300w, https:\/\/75inq.com\/wp-content\/uploads\/2025\/07\/WISE.png 720w\" data-sizes=\"(max-width: 720px) 100vw, 720px\" src=\"data:image\/svg+xml;base64,PHN2ZyB3aWR0aD0iMSIgaGVpZ2h0PSIxIiB4bWxucz0iaHR0cDovL3d3dy53My5vcmcvMjAwMC9zdmciPjwvc3ZnPg==\" \/><\/a><\/figure>\n<\/div>\n\n\n\n<div class=\"wp-block-column is-layout-flow wp-block-column-is-layout-flow\">\n<figure class=\"wp-block-image size-full is-resized has-md-margin-top\"><a href=\"https:\/\/www.cost.eu\/\" target=\"_blank\" rel=\" noreferrer noopener\"><img decoding=\"async\" width=\"310\" height=\"163\" data-src=\"https:\/\/75inq.com\/wp-content\/uploads\/2025\/07\/COST_logo-1.png\" alt=\"\" class=\"wp-image-33754 lazyload\" style=\"--smush-placeholder-width: 310px; --smush-placeholder-aspect-ratio: 310\/163;width:217px;height:auto\" data-srcset=\"https:\/\/75inq.com\/wp-content\/uploads\/2025\/07\/COST_logo-1.png 310w, https:\/\/75inq.com\/wp-content\/uploads\/2025\/07\/COST_logo-1-768x403.png 768w\" data-sizes=\"(max-width: 310px) 100vw, 310px\" src=\"data:image\/svg+xml;base64,PHN2ZyB3aWR0aD0iMSIgaGVpZ2h0PSIxIiB4bWxucz0iaHR0cDovL3d3dy53My5vcmcvMjAwMC9zdmciPjwvc3ZnPg==\" \/><\/a><\/figure>\n<\/div>\n\n\n\n<div class=\"wp-block-column is-layout-flow wp-block-column-is-layout-flow\">\n<figure class=\"wp-block-image size-full is-resized has-xxl-margin-top\"><img decoding=\"async\" width=\"490\" height=\"103\" data-src=\"https:\/\/75inq.com\/wp-content\/uploads\/2025\/07\/images.png\" alt=\"\" class=\"wp-image-33756 lazyload\" style=\"--smush-placeholder-width: 490px; --smush-placeholder-aspect-ratio: 490\/103;width:221px;height:auto\" data-srcset=\"https:\/\/75inq.com\/wp-content\/uploads\/2025\/07\/images.png 490w, https:\/\/75inq.com\/wp-content\/uploads\/2025\/07\/images-768x161.png 768w\" data-sizes=\"(max-width: 490px) 100vw, 490px\" src=\"data:image\/svg+xml;base64,PHN2ZyB3aWR0aD0iMSIgaGVpZ2h0PSIxIiB4bWxucz0iaHR0cDovL3d3dy53My5vcmcvMjAwMC9zdmciPjwvc3ZnPg==\" \/><\/figure>\n<\/div>\n<\/div>\n\n\n","protected":false},"excerpt":{"rendered":"<p>Toolkit recht op energie, ENGAGER (2025)<\/p>\n","protected":false},"author":211,"featured_media":33761,"parent":20230,"menu_order":0,"comment_status":"closed","ping_status":"closed","template":"","meta":{"_acf_changed":false,"_genesis_hide_title":false,"_genesis_hide_breadcrumbs":false,"_genesis_hide_singular_image":false,"_genesis_hide_footer_widgets":false,"_genesis_custom_body_class":"","_genesis_custom_post_class":"","_genesis_layout":"","footnotes":""},"class_list":{"1":"page","2":"type-page","6":"entry"},"yoast_head":"<!-- This site is optimized with the Yoast SEO plugin v27.4 - https:\/\/yoast.com\/product\/yoast-seo-wordpress\/ -->\n<title>Toolkit recht op energie &#8226; 75inQ<\/title>\n<meta name=\"description\" content=\"Toolkit recht op energie, ENGAGER (2025)\" \/>\n<meta name=\"robots\" content=\"index, follow, max-snippet:-1, max-image-preview:large, max-video-preview:-1\" \/>\n<link rel=\"canonical\" href=\"https:\/\/75inq.com\/nl\/diensten\/bibliotheek-gender-energie\/toolkit-recht-op-energie\/\" \/>\n<meta property=\"og:locale\" content=\"nl_NL\" \/>\n<meta property=\"og:type\" content=\"article\" \/>\n<meta property=\"og:title\" content=\"Toolkit recht op energie &#8226; 75inQ\" \/>\n<meta property=\"og:description\" content=\"Toolkit recht op energie, ENGAGER (2025)\" \/>\n<meta property=\"og:url\" content=\"https:\/\/75inq.com\/nl\/diensten\/bibliotheek-gender-energie\/toolkit-recht-op-energie\/\" \/>\n<meta property=\"og:site_name\" content=\"75inQ\" \/>\n<meta property=\"article:publisher\" content=\"https:\/\/www.facebook.com\/75inq\" \/>\n<meta property=\"article:modified_time\" content=\"2025-08-01T09:46:05+00:00\" \/>\n<meta property=\"og:image\" content=\"https:\/\/75inq.com\/wp-content\/uploads\/2025\/07\/Toolkit-NL-Featured.png\" \/>\n\t<meta property=\"og:image:width\" content=\"800\" \/>\n\t<meta property=\"og:image:height\" content=\"600\" \/>\n\t<meta property=\"og:image:type\" content=\"image\/png\" \/>\n<meta name=\"twitter:card\" content=\"summary_large_image\" \/>\n<meta name=\"twitter:title\" content=\"75inQ &#8226; Toolkit recht op energie\" \/>\n<meta name=\"twitter:description\" content=\"Toolkit recht op energie, ENGAGER (2025)\" \/>\n<meta name=\"twitter:image\" content=\"https:\/\/75inq.com\/wp-content\/uploads\/2025\/07\/Toolkit-NL-Featured.png\" \/>\n<meta name=\"twitter:site\" content=\"@75inQ\" \/>\n<meta name=\"twitter:label1\" content=\"Geschatte leestijd\" \/>\n\t<meta name=\"twitter:data1\" content=\"4 minuten\" \/>\n<script type=\"application\/ld+json\" class=\"yoast-schema-graph\">{\"@context\":\"https:\\\/\\\/schema.org\",\"@graph\":[{\"@type\":\"WebPage\",\"@id\":\"https:\\\/\\\/75inq.com\\\/nl\\\/diensten\\\/bibliotheek-gender-energie\\\/toolkit-recht-op-energie\\\/\",\"url\":\"https:\\\/\\\/75inq.com\\\/nl\\\/diensten\\\/bibliotheek-gender-energie\\\/toolkit-recht-op-energie\\\/\",\"name\":\"Toolkit recht op energie &#8226; 75inQ\",\"isPartOf\":{\"@id\":\"https:\\\/\\\/75inq.com\\\/nl\\\/#website\"},\"primaryImageOfPage\":{\"@id\":\"https:\\\/\\\/75inq.com\\\/nl\\\/diensten\\\/bibliotheek-gender-energie\\\/toolkit-recht-op-energie\\\/#primaryimage\"},\"image\":{\"@id\":\"https:\\\/\\\/75inq.com\\\/nl\\\/diensten\\\/bibliotheek-gender-energie\\\/toolkit-recht-op-energie\\\/#primaryimage\"},\"thumbnailUrl\":\"https:\\\/\\\/75inq.com\\\/wp-content\\\/uploads\\\/2025\\\/07\\\/Toolkit-NL-Featured.png\",\"datePublished\":\"2025-07-06T05:36:05+00:00\",\"dateModified\":\"2025-08-01T09:46:05+00:00\",\"description\":\"Toolkit recht op energie, ENGAGER (2025)\",\"breadcrumb\":{\"@id\":\"https:\\\/\\\/75inq.com\\\/nl\\\/diensten\\\/bibliotheek-gender-energie\\\/toolkit-recht-op-energie\\\/#breadcrumb\"},\"inLanguage\":\"nl-NL\",\"potentialAction\":[{\"@type\":\"ReadAction\",\"target\":[\"https:\\\/\\\/75inq.com\\\/nl\\\/diensten\\\/bibliotheek-gender-energie\\\/toolkit-recht-op-energie\\\/\"]}]},{\"@type\":\"ImageObject\",\"inLanguage\":\"nl-NL\",\"@id\":\"https:\\\/\\\/75inq.com\\\/nl\\\/diensten\\\/bibliotheek-gender-energie\\\/toolkit-recht-op-energie\\\/#primaryimage\",\"url\":\"https:\\\/\\\/75inq.com\\\/wp-content\\\/uploads\\\/2025\\\/07\\\/Toolkit-NL-Featured.png\",\"contentUrl\":\"https:\\\/\\\/75inq.com\\\/wp-content\\\/uploads\\\/2025\\\/07\\\/Toolkit-NL-Featured.png\",\"width\":800,\"height\":600},{\"@type\":\"BreadcrumbList\",\"@id\":\"https:\\\/\\\/75inq.com\\\/nl\\\/diensten\\\/bibliotheek-gender-energie\\\/toolkit-recht-op-energie\\\/#breadcrumb\",\"itemListElement\":[{\"@type\":\"ListItem\",\"position\":1,\"name\":\"Home\",\"item\":\"https:\\\/\\\/75inq.com\\\/nl\\\/sample-page\\\/\"},{\"@type\":\"ListItem\",\"position\":2,\"name\":\"Diensten\",\"item\":\"https:\\\/\\\/75inq.com\\\/nl\\\/diensten\\\/\"},{\"@type\":\"ListItem\",\"position\":3,\"name\":\"Bibliotheek Gender &amp; Energie\",\"item\":\"https:\\\/\\\/75inq.com\\\/nl\\\/diensten\\\/bibliotheek-gender-energie\\\/\"},{\"@type\":\"ListItem\",\"position\":4,\"name\":\"Toolkit recht op energie\"}]},{\"@type\":\"WebSite\",\"@id\":\"https:\\\/\\\/75inq.com\\\/nl\\\/#website\",\"url\":\"https:\\\/\\\/75inq.com\\\/nl\\\/\",\"name\":\"75inQ\",\"description\":\"Diversity in Energy\",\"publisher\":{\"@id\":\"https:\\\/\\\/75inq.com\\\/nl\\\/#organization\"},\"potentialAction\":[{\"@type\":\"SearchAction\",\"target\":{\"@type\":\"EntryPoint\",\"urlTemplate\":\"https:\\\/\\\/75inq.com\\\/nl\\\/?s={search_term_string}\"},\"query-input\":{\"@type\":\"PropertyValueSpecification\",\"valueRequired\":true,\"valueName\":\"search_term_string\"}}],\"inLanguage\":\"nl-NL\"},{\"@type\":\"Organization\",\"@id\":\"https:\\\/\\\/75inq.com\\\/nl\\\/#organization\",\"name\":\"75inQ\",\"url\":\"https:\\\/\\\/75inq.com\\\/nl\\\/\",\"logo\":{\"@type\":\"ImageObject\",\"inLanguage\":\"nl-NL\",\"@id\":\"https:\\\/\\\/75inq.com\\\/nl\\\/#\\\/schema\\\/logo\\\/image\\\/\",\"url\":\"\",\"contentUrl\":\"\",\"caption\":\"75inQ\"},\"image\":{\"@id\":\"https:\\\/\\\/75inq.com\\\/nl\\\/#\\\/schema\\\/logo\\\/image\\\/\"},\"sameAs\":[\"https:\\\/\\\/www.facebook.com\\\/75inq\",\"https:\\\/\\\/x.com\\\/75inQ\",\"https:\\\/\\\/www.linkedin.com\\\/company\\\/75inq\\\/\"]}]}<\/script>\n<!-- \/ Yoast SEO plugin. -->","yoast_head_json":{"title":"Toolkit recht op energie &#8226; 75inQ","description":"Toolkit recht op energie, ENGAGER (2025)","robots":{"index":"index","follow":"follow","max-snippet":"max-snippet:-1","max-image-preview":"max-image-preview:large","max-video-preview":"max-video-preview:-1"},"canonical":"https:\/\/75inq.com\/nl\/diensten\/bibliotheek-gender-energie\/toolkit-recht-op-energie\/","og_locale":"nl_NL","og_type":"article","og_title":"Toolkit recht op energie &#8226; 75inQ","og_description":"Toolkit recht op energie, ENGAGER (2025)","og_url":"https:\/\/75inq.com\/nl\/diensten\/bibliotheek-gender-energie\/toolkit-recht-op-energie\/","og_site_name":"75inQ","article_publisher":"https:\/\/www.facebook.com\/75inq","article_modified_time":"2025-08-01T09:46:05+00:00","og_image":[{"width":800,"height":600,"url":"https:\/\/75inq.com\/wp-content\/uploads\/2025\/07\/Toolkit-NL-Featured.png","type":"image\/png"}],"twitter_card":"summary_large_image","twitter_title":"75inQ &#8226; Toolkit recht op energie","twitter_description":"Toolkit recht op energie, ENGAGER (2025)","twitter_image":"https:\/\/75inq.com\/wp-content\/uploads\/2025\/07\/Toolkit-NL-Featured.png","twitter_site":"@75inQ","twitter_misc":{"Geschatte leestijd":"4 minuten"},"schema":{"@context":"https:\/\/schema.org","@graph":[{"@type":"WebPage","@id":"https:\/\/75inq.com\/nl\/diensten\/bibliotheek-gender-energie\/toolkit-recht-op-energie\/","url":"https:\/\/75inq.com\/nl\/diensten\/bibliotheek-gender-energie\/toolkit-recht-op-energie\/","name":"Toolkit recht op energie &#8226; 75inQ","isPartOf":{"@id":"https:\/\/75inq.com\/nl\/#website"},"primaryImageOfPage":{"@id":"https:\/\/75inq.com\/nl\/diensten\/bibliotheek-gender-energie\/toolkit-recht-op-energie\/#primaryimage"},"image":{"@id":"https:\/\/75inq.com\/nl\/diensten\/bibliotheek-gender-energie\/toolkit-recht-op-energie\/#primaryimage"},"thumbnailUrl":"https:\/\/75inq.com\/wp-content\/uploads\/2025\/07\/Toolkit-NL-Featured.png","datePublished":"2025-07-06T05:36:05+00:00","dateModified":"2025-08-01T09:46:05+00:00","description":"Toolkit recht op energie, ENGAGER (2025)","breadcrumb":{"@id":"https:\/\/75inq.com\/nl\/diensten\/bibliotheek-gender-energie\/toolkit-recht-op-energie\/#breadcrumb"},"inLanguage":"nl-NL","potentialAction":[{"@type":"ReadAction","target":["https:\/\/75inq.com\/nl\/diensten\/bibliotheek-gender-energie\/toolkit-recht-op-energie\/"]}]},{"@type":"ImageObject","inLanguage":"nl-NL","@id":"https:\/\/75inq.com\/nl\/diensten\/bibliotheek-gender-energie\/toolkit-recht-op-energie\/#primaryimage","url":"https:\/\/75inq.com\/wp-content\/uploads\/2025\/07\/Toolkit-NL-Featured.png","contentUrl":"https:\/\/75inq.com\/wp-content\/uploads\/2025\/07\/Toolkit-NL-Featured.png","width":800,"height":600},{"@type":"BreadcrumbList","@id":"https:\/\/75inq.com\/nl\/diensten\/bibliotheek-gender-energie\/toolkit-recht-op-energie\/#breadcrumb","itemListElement":[{"@type":"ListItem","position":1,"name":"Home","item":"https:\/\/75inq.com\/nl\/sample-page\/"},{"@type":"ListItem","position":2,"name":"Diensten","item":"https:\/\/75inq.com\/nl\/diensten\/"},{"@type":"ListItem","position":3,"name":"Bibliotheek Gender &amp; Energie","item":"https:\/\/75inq.com\/nl\/diensten\/bibliotheek-gender-energie\/"},{"@type":"ListItem","position":4,"name":"Toolkit recht op energie"}]},{"@type":"WebSite","@id":"https:\/\/75inq.com\/nl\/#website","url":"https:\/\/75inq.com\/nl\/","name":"75inQ","description":"Diversity in Energy","publisher":{"@id":"https:\/\/75inq.com\/nl\/#organization"},"potentialAction":[{"@type":"SearchAction","target":{"@type":"EntryPoint","urlTemplate":"https:\/\/75inq.com\/nl\/?s={search_term_string}"},"query-input":{"@type":"PropertyValueSpecification","valueRequired":true,"valueName":"search_term_string"}}],"inLanguage":"nl-NL"},{"@type":"Organization","@id":"https:\/\/75inq.com\/nl\/#organization","name":"75inQ","url":"https:\/\/75inq.com\/nl\/","logo":{"@type":"ImageObject","inLanguage":"nl-NL","@id":"https:\/\/75inq.com\/nl\/#\/schema\/logo\/image\/","url":"","contentUrl":"","caption":"75inQ"},"image":{"@id":"https:\/\/75inq.com\/nl\/#\/schema\/logo\/image\/"},"sameAs":["https:\/\/www.facebook.com\/75inq","https:\/\/x.com\/75inQ","https:\/\/www.linkedin.com\/company\/75inq\/"]}]}},"acf":[],"_links":{"self":[{"href":"https:\/\/75inq.com\/nl\/wp-json\/wp\/v2\/pages\/33742","targetHints":{"allow":["GET"]}}],"collection":[{"href":"https:\/\/75inq.com\/nl\/wp-json\/wp\/v2\/pages"}],"about":[{"href":"https:\/\/75inq.com\/nl\/wp-json\/wp\/v2\/types\/page"}],"author":[{"embeddable":true,"href":"https:\/\/75inq.com\/nl\/wp-json\/wp\/v2\/users\/211"}],"replies":[{"embeddable":true,"href":"https:\/\/75inq.com\/nl\/wp-json\/wp\/v2\/comments?post=33742"}],"version-history":[{"count":0,"href":"https:\/\/75inq.com\/nl\/wp-json\/wp\/v2\/pages\/33742\/revisions"}],"up":[{"embeddable":true,"href":"https:\/\/75inq.com\/nl\/wp-json\/wp\/v2\/pages\/20230"}],"wp:featuredmedia":[{"embeddable":true,"href":"https:\/\/75inq.com\/nl\/wp-json\/wp\/v2\/media\/33761"}],"wp:attachment":[{"href":"https:\/\/75inq.com\/nl\/wp-json\/wp\/v2\/media?parent=33742"}],"curies":[{"name":"wp","href":"https:\/\/api.w.org\/{rel}","templated":true}]}}