{"id":33443,"date":"2025-05-26T14:14:11","date_gmt":"2025-05-26T12:14:11","guid":{"rendered":"https:\/\/75inq.com\/?page_id=33443"},"modified":"2025-05-29T13:32:20","modified_gmt":"2025-05-29T11:32:20","slug":"technisch-gezien","status":"publish","type":"page","link":"https:\/\/75inq.com\/nl\/technisch-gezien\/","title":{"rendered":"Technisch Gezien"},"content":{"rendered":"\n<h1 class=\"wp-block-heading alignfull has-text-align-center has-white-color has-secondary-background-color has-text-color has-background has-link-color wp-elements-0746e61de5a7a7e79e119d21949f9faf\">TECHNISCH GEZIEN<\/h1>\n\n\n\n<p><strong>Het aandeel vrouwen in STEM beroepen is slechts 17%.<sup>1<\/sup><\/strong><\/p>\n\n\n\n<p>Met het project <strong>Technisch Gezien<\/strong> slaan Alliander, TNO, VHTO, WOMEN Inc. en 75inQ de handen ineen voor gendergelijkheid voor vrouwen in de sectoren exacte wetenschappen, technologie, techniek en toegepaste wiskunde (STEM) in Nederland en richten we ons in dit project op de arbeidsmarkt van de energietransitie.<\/p>\n\n\n\n<blockquote class=\"wp-block-quote is-layout-flow wp-block-quote-is-layout-flow\">\n<p class=\"has-alt-background-color has-background\"><em>Dit project wordt medegefinancierd door het Europees Sociaal Fonds (ESF+) en ondersteund door het ministerie van Sociale Zaken en Werkgelegenheid.<\/em>&nbsp;<\/p>\n<\/blockquote>\n\n\n\n<h5 class=\"wp-block-heading\"><strong>WAAR WE ONS OP RICHTEN<\/strong><\/h5>\n\n\n\n<p>Door middel van een campagne, een sociale innovatie pilot en een opschaalbare tool werken we aan een duurzame verandering op de werkvloer. We doorbreken genderstereotypen, pakken zichtbare \u00e9n onzichtbare barri\u00e8res aan en cre\u00ebren concrete oplossingen die bijdragen aan een gelijkwaardige sector. Samen bouwen we aan een inclusieve energiesector waarin iedereen de ruimte krijgt om bij te dragen aan de toekomst.&nbsp;<\/p>\n\n\n\n<div style=\"height:50px\" aria-hidden=\"true\" class=\"wp-block-spacer\"><\/div>\n\n\n\n<hr class=\"wp-block-separator has-text-color has-secondary-color has-alpha-channel-opacity has-secondary-background-color has-background is-style-wide\"\/>\n\n\n\n<h2 class=\"wp-block-heading has-secondary-color has-text-color has-link-color wp-elements-21dfdc4955d1fbb690435fa8a82d8e69\">FEITEN &amp; CIJFERS<\/h2>\n\n\n\n<ul class=\"wp-block-list\">\n<li>Het aandeel vrouwen in STEM beroepen is slechts <strong>17%<\/strong><sup>2<\/sup>.<\/li>\n\n\n\n<li>Van alle nieuwkomers in technische bedrijven verlaat <strong>53%<\/strong> van de vrouwen binnen het eerste jaar de sector<sup>3<\/sup>.<\/li>\n\n\n\n<li>Het aandeel vrouwen werkzaam binnen de energiesector is slechts <strong>22%<\/strong>, waarbinnen slechts 7% van de technische beroepen door vrouwen wordt vervuld<sup>4<\/sup>.<\/li>\n\n\n\n<li><strong>65%<\/strong> van de technisch afgestudeerde vrouwen stroomt niet door naar een technische werkvloer<sup>5<\/sup>.<\/li>\n\n\n\n<li><strong>70%<\/strong> van de vrouwen in de technische sector wereldwijd ervaart zich meer te moeten bewijzen van hun mannelijke collega&#8217;s<sup>6<\/sup>.<\/li>\n\n\n\n<li>Bij de gemiddelde netbeheerders in Nederland werkt slechts <strong>20%<\/strong> vrouwen<sup>7<\/sup>.<\/li>\n<\/ul>\n\n\n\n<div style=\"height:50px\" aria-hidden=\"true\" class=\"wp-block-spacer\"><\/div>\n\n\n\n<hr class=\"wp-block-separator has-text-color has-secondary-color has-alpha-channel-opacity has-secondary-background-color has-background is-style-wide\"\/>\n\n\n\n<h2 class=\"wp-block-heading\">IN DRIE FASEN NAAR EEN GENDERINCLUSIEVE ENERGIETRANSITIE<\/h2>\n\n\n\n<p>Het project Technisch Gezien is opgebouwd in drie fasen, waarin bewustwording, kennisdeling en praktische oplossingen centraal staan. Elke fase bouwt voort op de voorgaande, met als uiteindelijke doel een genderinclusieve energietransitie.<br><br>Lees verder om meer te ontdekken over de aanpak en de stappen die we zetten om dit doel te bereiken.<\/p>\n\n\n\n<details class=\"wp-block-details is-layout-flow wp-block-details-is-layout-flow\"><summary>1. Verbreding<\/summary>\n<p>We trappen Technisch Gezien af met een impactvolle campagne om genderstereotypen in de techniek te doorbreken. Met deze campagne willen we:<\/p>\n\n\n\n<ol class=\"wp-block-list\">\n<li>bewustwording cre\u00ebren op maatschappelijk niveau over de rol en het belang van vrouwen in de technische sector;<\/li>\n\n\n\n<li>stereotypes en vooroordelen doorbreken over vrouwen in de technische beroepen;<\/li>\n\n\n\n<li>vrouwen inspireren en aanmoedigen om een carri\u00e8re in de techniek te overwegen.<\/li>\n<\/ol>\n\n\n\n<p><br>Deze campagne is een initiatief van WOMEN Inc. en wordt ondersteund door Alliander, Enexis, Eurofiber, Gasunie en Stedin<\/p>\n\n\n\n<p><em>Meer weten? Neem een kijkje op onze campagnepagina \u2018Regel dat ze wil blijven\u2019.<\/em><\/p>\n\n\n<\/details>\n\n\n\n<details class=\"wp-block-details is-layout-flow wp-block-details-is-layout-flow\"><summary>2. Verdieping<\/summary>\n<p>In de tweede fase wordt in kaart gebracht hoe en waar gender bias zich manifesteert binnen organisaties. Dit doen we via een <strong><em>actieonderzoek<\/em><\/strong>, waarbij we ontdekken waar vrouwelijke en mannelijke vooroordelen en stereotypen mee- of tegenwerken. We onderzoeken:<\/p>\n\n\n\n<ul class=\"wp-block-list\">\n<li><em>Waar \u2018lekt\u2019 het in de keten?<\/em> Van instroom en behoud tot doorstroom en uitstroom: op welke momenten lopen vrouwen vast in de STEM-sector?<\/li>\n\n\n\n<li><em>Hoe uit gender bias zich in de organisatiecultuur en -structuur?<\/em><br>We analyseren hoe masculine defaults<sup><a href=\"javascript:void(0)\">8<\/a><\/sup><br>onbewust uitsluiting cre\u00ebren<\/li>\n\n\n\n<li><em>Wie zijn de change agents?<\/em><br>Welke medewerkers en leiders kunnen cultuurverandering aanjagen?&nbsp;<\/li>\n<\/ul>\n\n\n\n<p>Vervolgens analyseren we de vier belangrijkste factoren die een gender-inclusieve werkcultuur be\u00efnvloeden:<\/p>\n\n\n\n<ol class=\"wp-block-list\">\n<li>Zelfbeeld: Hoe kunnen we de overtuiging doorbreken dat technische vaardigheden aangeboren zijn en masculien gedreven zijn?<\/li>\n\n\n\n<li>Beroepsbeeld: Hoe kunnen we het stereotype beeld van de technische professional verbreden en inclusiever maken?<\/li>\n\n\n\n<li>Werkcultuur: Hoe kunnen we de organisatiecultuur transformeren naar een inclusieve werkomgeving waarin iedereen zich thuis voelt?<\/li>\n\n\n\n<li>Werk-priv\u00e9balans: Hoe kunnen we werkgevers ondersteunen bij het cre\u00ebren van flexibele, gezinsvriendelijke arbeidsvoorwaarden?<\/li>\n<\/ol>\n\n\n\n<p>Op basis van deze inzichten ontwerpen en voeren we <strong><em>sociale innovaties<\/em><\/strong> uit om gender bias in de werkcultuur te doorbreken. In co-creatie met medewerkers en leidinggevenden ontwikkelen en testen we interventies die bijdragen aan een inclusieve werkomgeving.<\/p>\n\n\n\n<p>Tot slot <strong><em>evalueren we deze innovaties<\/em><\/strong> en de implementatie hiervan in bedrijven, ter bevordering van gendergelijkheid en een gender-inclusief werkklimaat.<\/p>\n\n\n<\/details>\n\n\n\n<details class=\"wp-block-details is-layout-flow wp-block-details-is-layout-flow\"><summary>3. Opschaling<\/summary>\n<p>In de laatste fase van \u2018Technisch Gezien\u2019 bundelen we de opgedane kennis en stellen we een <strong><em>leernetwerk<\/em><\/strong> op waarin kennisdeling tussen organisaties centraal staat. Dit netwerk biedt een platform voor bedrijven om inzichten te delen, uitdagingen te bespreken en samen te werken aan oplossingen voor gender inclusie binnen de technische sector en de energietransitie.&nbsp;<\/p>\n\n\n\n<p>In co-creatie met werkgevers vertalen we de geleerde lessen naar een <strong><em>praktische tool<\/em><\/strong> die bedrijven ondersteunt bij het doorbreken van gender bias en het cre\u00ebren van een inclusieve werkcultuur. Het doel is om werkgevers concrete handvatten te bieden die aansluiten bij hun specifieke behoeften en context.&nbsp;<\/p>\n\n\n\n<p>We sluiten het project af met een <strong><em>grootschalig evenement<\/em><\/strong> waarin we de tool lanceren en relevante stakeholders samenbrengen. Zo zorgen we ervoor dat de impact van Technisch Gezien verder reikt dan alleen de deelnemende organisaties en bijdraagt aan een bredere beweging richting gendergelijkheid in STEM.<\/p>\n<\/details>\n\n\n\n<div style=\"height:50px\" aria-hidden=\"true\" class=\"wp-block-spacer\"><\/div>\n\n\n\n<hr class=\"wp-block-separator has-text-color has-secondary-color has-alpha-channel-opacity has-secondary-background-color has-background is-style-wide\"\/>\n\n\n\n<h2 class=\"wp-block-heading\">ZELF IN ACTIE KOMEN?<\/h2>\n\n\n\n<p>Behoud vrouwen op de werkvloer; werkgevers en leidinggevenden zijn aan zet. Zij spelen namelijk een cruciale rol in het verbeteren van de technische werkomgeving voor vrouwen.<\/p>\n\n\n\n<p>Goed gereedschap is het halve werk, download de actielijst en zet de eerste stap.<\/p>\n\n\n\n<div class=\"wp-block-buttons is-content-justification-center is-layout-flex wp-container-core-buttons-is-layout-16018d1d wp-block-buttons-is-layout-flex\">\n<div class=\"wp-block-button\"><a class=\"wp-block-button__link button wp-element-button\" href=\"https:\/\/75inq.com\/wp-content\/uploads\/2025\/05\/actielijst-regel-dat-ze-wil-blijven.pdf\">Download de actielijst<\/a><\/div>\n<\/div>\n\n\n\n<div style=\"height:50px\" aria-hidden=\"true\" class=\"wp-block-spacer\"><\/div>\n\n\n\n<hr class=\"wp-block-separator has-text-color has-secondary-color has-alpha-channel-opacity has-secondary-background-color has-background is-style-wide\"\/>\n\n\n\n<h2 class=\"wp-block-heading\">PARTNERS<\/h2>\n\n\n<div class=\"wp-block-image\">\n<figure class=\"aligncenter size-full\"><img decoding=\"async\" width=\"500\" height=\"165\" data-src=\"https:\/\/75inq.com\/wp-content\/uploads\/2025\/05\/logo-technisch-gezien.png\" alt=\"\" class=\"wp-image-33455 lazyload\" data-srcset=\"https:\/\/75inq.com\/wp-content\/uploads\/2025\/05\/logo-technisch-gezien.png 500w, https:\/\/75inq.com\/wp-content\/uploads\/2025\/05\/logo-technisch-gezien-768x253.png 768w\" data-sizes=\"(max-width: 500px) 100vw, 500px\" src=\"data:image\/svg+xml;base64,PHN2ZyB3aWR0aD0iMSIgaGVpZ2h0PSIxIiB4bWxucz0iaHR0cDovL3d3dy53My5vcmcvMjAwMC9zdmciPjwvc3ZnPg==\" style=\"--smush-placeholder-width: 500px; --smush-placeholder-aspect-ratio: 500\/165;\" \/><\/figure>\n<\/div>\n\n","protected":false},"excerpt":{"rendered":"<p>TECHNISCH GEZIEN Het aandeel vrouwen in STEM beroepen is slechts 17%.1 Met het project Technisch Gezien slaan Alliander, TNO, VHTO, WOMEN Inc. en 75inQ de handen ineen voor gendergelijkheid voor vrouwen in de sectoren exacte wetenschappen, technologie, techniek en toegepaste wiskunde (STEM) in Nederland en richten we ons in dit project op de arbeidsmarkt van &hellip;<\/p>\n","protected":false},"author":211,"featured_media":33793,"parent":0,"menu_order":0,"comment_status":"closed","ping_status":"closed","template":"","meta":{"_acf_changed":false,"_genesis_hide_title":false,"_genesis_hide_breadcrumbs":false,"_genesis_hide_singular_image":false,"_genesis_hide_footer_widgets":false,"_genesis_custom_body_class":"","_genesis_custom_post_class":"","_genesis_layout":"","footnotes":""},"class_list":{"1":"page","2":"type-page","6":"entry"},"yoast_head":"<!-- This site is optimized with the Yoast SEO plugin v27.3 - https:\/\/yoast.com\/product\/yoast-seo-wordpress\/ -->\n<title>Technisch Gezien &#8226; 75inQ<\/title>\n<meta name=\"robots\" content=\"index, follow, max-snippet:-1, max-image-preview:large, max-video-preview:-1\" \/>\n<link rel=\"canonical\" href=\"https:\/\/75inq.com\/nl\/technisch-gezien\/\" \/>\n<meta property=\"og:locale\" content=\"nl_NL\" \/>\n<meta property=\"og:type\" content=\"article\" \/>\n<meta property=\"og:title\" content=\"Technisch Gezien &#8226; 75inQ\" \/>\n<meta property=\"og:description\" content=\"TECHNISCH GEZIEN Het aandeel vrouwen in STEM beroepen is slechts 17%.1 Met het project Technisch Gezien slaan Alliander, TNO, VHTO, WOMEN Inc. en 75inQ de handen ineen voor gendergelijkheid voor vrouwen in de sectoren exacte wetenschappen, technologie, techniek en toegepaste wiskunde (STEM) in Nederland en richten we ons in dit project op de arbeidsmarkt van &hellip;\" \/>\n<meta property=\"og:url\" content=\"https:\/\/75inq.com\/nl\/technisch-gezien\/\" \/>\n<meta property=\"og:site_name\" content=\"75inQ\" \/>\n<meta property=\"article:publisher\" content=\"https:\/\/www.facebook.com\/75inq\" \/>\n<meta property=\"article:modified_time\" content=\"2025-05-29T11:32:20+00:00\" \/>\n<meta property=\"og:image\" content=\"https:\/\/75inq.com\/wp-content\/uploads\/2025\/05\/logo-technisch-gezien.png\" \/>\n\t<meta property=\"og:image:width\" content=\"500\" \/>\n\t<meta property=\"og:image:height\" content=\"165\" \/>\n\t<meta property=\"og:image:type\" content=\"image\/png\" \/>\n<meta name=\"twitter:card\" content=\"summary_large_image\" \/>\n<meta name=\"twitter:site\" content=\"@75inQ\" \/>\n<meta name=\"twitter:label1\" content=\"Geschatte leestijd\" \/>\n\t<meta name=\"twitter:data1\" content=\"5 minuten\" \/>\n<script type=\"application\/ld+json\" class=\"yoast-schema-graph\">{\"@context\":\"https:\\\/\\\/schema.org\",\"@graph\":[{\"@type\":\"WebPage\",\"@id\":\"https:\\\/\\\/75inq.com\\\/nl\\\/technisch-gezien\\\/\",\"url\":\"https:\\\/\\\/75inq.com\\\/nl\\\/technisch-gezien\\\/\",\"name\":\"Technisch Gezien &#8226; 75inQ\",\"isPartOf\":{\"@id\":\"https:\\\/\\\/75inq.com\\\/nl\\\/#website\"},\"primaryImageOfPage\":{\"@id\":\"https:\\\/\\\/75inq.com\\\/nl\\\/technisch-gezien\\\/#primaryimage\"},\"image\":{\"@id\":\"https:\\\/\\\/75inq.com\\\/nl\\\/technisch-gezien\\\/#primaryimage\"},\"thumbnailUrl\":\"https:\\\/\\\/75inq.com\\\/wp-content\\\/uploads\\\/2025\\\/07\\\/TG-600800.png\",\"datePublished\":\"2025-05-26T12:14:11+00:00\",\"dateModified\":\"2025-05-29T11:32:20+00:00\",\"breadcrumb\":{\"@id\":\"https:\\\/\\\/75inq.com\\\/nl\\\/technisch-gezien\\\/#breadcrumb\"},\"inLanguage\":\"nl-NL\",\"potentialAction\":[{\"@type\":\"ReadAction\",\"target\":[\"https:\\\/\\\/75inq.com\\\/nl\\\/technisch-gezien\\\/\"]}]},{\"@type\":\"ImageObject\",\"inLanguage\":\"nl-NL\",\"@id\":\"https:\\\/\\\/75inq.com\\\/nl\\\/technisch-gezien\\\/#primaryimage\",\"url\":\"https:\\\/\\\/75inq.com\\\/wp-content\\\/uploads\\\/2025\\\/07\\\/TG-600800.png\",\"contentUrl\":\"https:\\\/\\\/75inq.com\\\/wp-content\\\/uploads\\\/2025\\\/07\\\/TG-600800.png\",\"width\":800,\"height\":600},{\"@type\":\"BreadcrumbList\",\"@id\":\"https:\\\/\\\/75inq.com\\\/nl\\\/technisch-gezien\\\/#breadcrumb\",\"itemListElement\":[{\"@type\":\"ListItem\",\"position\":1,\"name\":\"Home\",\"item\":\"https:\\\/\\\/75inq.com\\\/nl\\\/\"},{\"@type\":\"ListItem\",\"position\":2,\"name\":\"Technisch Gezien\"}]},{\"@type\":\"WebSite\",\"@id\":\"https:\\\/\\\/75inq.com\\\/nl\\\/#website\",\"url\":\"https:\\\/\\\/75inq.com\\\/nl\\\/\",\"name\":\"75inQ\",\"description\":\"Diversity in Energy\",\"publisher\":{\"@id\":\"https:\\\/\\\/75inq.com\\\/nl\\\/#organization\"},\"potentialAction\":[{\"@type\":\"SearchAction\",\"target\":{\"@type\":\"EntryPoint\",\"urlTemplate\":\"https:\\\/\\\/75inq.com\\\/nl\\\/?s={search_term_string}\"},\"query-input\":{\"@type\":\"PropertyValueSpecification\",\"valueRequired\":true,\"valueName\":\"search_term_string\"}}],\"inLanguage\":\"nl-NL\"},{\"@type\":\"Organization\",\"@id\":\"https:\\\/\\\/75inq.com\\\/nl\\\/#organization\",\"name\":\"75inQ\",\"url\":\"https:\\\/\\\/75inq.com\\\/nl\\\/\",\"logo\":{\"@type\":\"ImageObject\",\"inLanguage\":\"nl-NL\",\"@id\":\"https:\\\/\\\/75inq.com\\\/nl\\\/#\\\/schema\\\/logo\\\/image\\\/\",\"url\":\"\",\"contentUrl\":\"\",\"caption\":\"75inQ\"},\"image\":{\"@id\":\"https:\\\/\\\/75inq.com\\\/nl\\\/#\\\/schema\\\/logo\\\/image\\\/\"},\"sameAs\":[\"https:\\\/\\\/www.facebook.com\\\/75inq\",\"https:\\\/\\\/x.com\\\/75inQ\",\"https:\\\/\\\/www.linkedin.com\\\/company\\\/75inq\\\/\"]}]}<\/script>\n<!-- \/ Yoast SEO plugin. -->","yoast_head_json":{"title":"Technisch Gezien &#8226; 75inQ","robots":{"index":"index","follow":"follow","max-snippet":"max-snippet:-1","max-image-preview":"max-image-preview:large","max-video-preview":"max-video-preview:-1"},"canonical":"https:\/\/75inq.com\/nl\/technisch-gezien\/","og_locale":"nl_NL","og_type":"article","og_title":"Technisch Gezien &#8226; 75inQ","og_description":"TECHNISCH GEZIEN Het aandeel vrouwen in STEM beroepen is slechts 17%.1 Met het project Technisch Gezien slaan Alliander, TNO, VHTO, WOMEN Inc. en 75inQ de handen ineen voor gendergelijkheid voor vrouwen in de sectoren exacte wetenschappen, technologie, techniek en toegepaste wiskunde (STEM) in Nederland en richten we ons in dit project op de arbeidsmarkt van &hellip;","og_url":"https:\/\/75inq.com\/nl\/technisch-gezien\/","og_site_name":"75inQ","article_publisher":"https:\/\/www.facebook.com\/75inq","article_modified_time":"2025-05-29T11:32:20+00:00","og_image":[{"width":500,"height":165,"url":"https:\/\/75inq.com\/wp-content\/uploads\/2025\/05\/logo-technisch-gezien.png","type":"image\/png"}],"twitter_card":"summary_large_image","twitter_site":"@75inQ","twitter_misc":{"Geschatte leestijd":"5 minuten"},"schema":{"@context":"https:\/\/schema.org","@graph":[{"@type":"WebPage","@id":"https:\/\/75inq.com\/nl\/technisch-gezien\/","url":"https:\/\/75inq.com\/nl\/technisch-gezien\/","name":"Technisch Gezien &#8226; 75inQ","isPartOf":{"@id":"https:\/\/75inq.com\/nl\/#website"},"primaryImageOfPage":{"@id":"https:\/\/75inq.com\/nl\/technisch-gezien\/#primaryimage"},"image":{"@id":"https:\/\/75inq.com\/nl\/technisch-gezien\/#primaryimage"},"thumbnailUrl":"https:\/\/75inq.com\/wp-content\/uploads\/2025\/07\/TG-600800.png","datePublished":"2025-05-26T12:14:11+00:00","dateModified":"2025-05-29T11:32:20+00:00","breadcrumb":{"@id":"https:\/\/75inq.com\/nl\/technisch-gezien\/#breadcrumb"},"inLanguage":"nl-NL","potentialAction":[{"@type":"ReadAction","target":["https:\/\/75inq.com\/nl\/technisch-gezien\/"]}]},{"@type":"ImageObject","inLanguage":"nl-NL","@id":"https:\/\/75inq.com\/nl\/technisch-gezien\/#primaryimage","url":"https:\/\/75inq.com\/wp-content\/uploads\/2025\/07\/TG-600800.png","contentUrl":"https:\/\/75inq.com\/wp-content\/uploads\/2025\/07\/TG-600800.png","width":800,"height":600},{"@type":"BreadcrumbList","@id":"https:\/\/75inq.com\/nl\/technisch-gezien\/#breadcrumb","itemListElement":[{"@type":"ListItem","position":1,"name":"Home","item":"https:\/\/75inq.com\/nl\/"},{"@type":"ListItem","position":2,"name":"Technisch Gezien"}]},{"@type":"WebSite","@id":"https:\/\/75inq.com\/nl\/#website","url":"https:\/\/75inq.com\/nl\/","name":"75inQ","description":"Diversity in Energy","publisher":{"@id":"https:\/\/75inq.com\/nl\/#organization"},"potentialAction":[{"@type":"SearchAction","target":{"@type":"EntryPoint","urlTemplate":"https:\/\/75inq.com\/nl\/?s={search_term_string}"},"query-input":{"@type":"PropertyValueSpecification","valueRequired":true,"valueName":"search_term_string"}}],"inLanguage":"nl-NL"},{"@type":"Organization","@id":"https:\/\/75inq.com\/nl\/#organization","name":"75inQ","url":"https:\/\/75inq.com\/nl\/","logo":{"@type":"ImageObject","inLanguage":"nl-NL","@id":"https:\/\/75inq.com\/nl\/#\/schema\/logo\/image\/","url":"","contentUrl":"","caption":"75inQ"},"image":{"@id":"https:\/\/75inq.com\/nl\/#\/schema\/logo\/image\/"},"sameAs":["https:\/\/www.facebook.com\/75inq","https:\/\/x.com\/75inQ","https:\/\/www.linkedin.com\/company\/75inq\/"]}]}},"acf":[],"_links":{"self":[{"href":"https:\/\/75inq.com\/nl\/wp-json\/wp\/v2\/pages\/33443","targetHints":{"allow":["GET"]}}],"collection":[{"href":"https:\/\/75inq.com\/nl\/wp-json\/wp\/v2\/pages"}],"about":[{"href":"https:\/\/75inq.com\/nl\/wp-json\/wp\/v2\/types\/page"}],"author":[{"embeddable":true,"href":"https:\/\/75inq.com\/nl\/wp-json\/wp\/v2\/users\/211"}],"replies":[{"embeddable":true,"href":"https:\/\/75inq.com\/nl\/wp-json\/wp\/v2\/comments?post=33443"}],"version-history":[{"count":0,"href":"https:\/\/75inq.com\/nl\/wp-json\/wp\/v2\/pages\/33443\/revisions"}],"wp:featuredmedia":[{"embeddable":true,"href":"https:\/\/75inq.com\/nl\/wp-json\/wp\/v2\/media\/33793"}],"wp:attachment":[{"href":"https:\/\/75inq.com\/nl\/wp-json\/wp\/v2\/media?parent=33443"}],"curies":[{"name":"wp","href":"https:\/\/api.w.org\/{rel}","templated":true}]}}